{"id":1835,"date":"2017-10-24T14:05:09","date_gmt":"2017-10-24T14:05:09","guid":{"rendered":"https:\/\/www.50a50.org\/avis-legal\/"},"modified":"2020-09-15T09:43:25","modified_gmt":"2020-09-15T09:43:25","slug":"aviso-legal","status":"publish","type":"page","link":"https:\/\/www.50a50.org\/es\/aviso-legal\/","title":{"rendered":"Aviso legal"},"content":{"rendered":"<div class=\"fusion-fullwidth fullwidth-box fusion-builder-row-1 hundred-percent-fullwidth non-hundred-percent-height-scrolling fusion-equal-height-columns\" style=\"--awb-background-position:left top;--awb-border-sizes-top:0px;--awb-border-sizes-bottom:0px;--awb-border-sizes-left:0px;--awb-border-sizes-right:0px;--awb-border-radius-top-left:0px;--awb-border-radius-top-right:0px;--awb-border-radius-bottom-right:0px;--awb-border-radius-bottom-left:0px;--awb-padding-top:0px;--awb-padding-right:0px;--awb-padding-bottom:0px;--awb-padding-left:0px;--awb-flex-wrap:wrap;\" ><div class=\"fusion-builder-row fusion-row\"><div class=\"fusion-layout-column fusion_builder_column fusion-builder-column-0 fusion_builder_column_1_1 1_1 fusion-one-full fusion-column-first fusion-column-last\" style=\"--awb-padding-top:25px;--awb-padding-right:10%;--awb-padding-bottom:15px;--awb-padding-left:10%;--awb-bg-size:cover;--awb-margin-bottom:0px;\"><div class=\"fusion-column-wrapper fusion-flex-column-wrapper-legacy\"><div class=\"fusion-sep-clear\"><\/div><div class=\"fusion-separator fusion-full-width-sep\" style=\"margin-left: auto;margin-right: auto;margin-bottom:40px;width:100%;\"><\/div><div class=\"fusion-sep-clear\"><\/div><div class=\"fusion-text fusion-text-1\"><h2>Aviso legal<\/h2>\n<\/div><div class=\"fusion-sep-clear\"><\/div><div class=\"fusion-separator fusion-clearfix\" style=\"float:left;margin-top:5px;margin-bottom:5px;width:100%;max-width:200px;\"><div class=\"fusion-separator-border sep-single sep-solid\" style=\"--awb-height:20px;--awb-amount:20px;--awb-sep-color:#03a9f4;border-color:#03a9f4;border-top-width:3px;\"><\/div><\/div><div class=\"fusion-sep-clear\"><\/div><div class=\"fusion-sep-clear\"><\/div><div class=\"fusion-separator fusion-full-width-sep\" style=\"margin-left: auto;margin-right: auto;margin-bottom:40px;width:100%;\"><\/div><div class=\"fusion-sep-clear\"><\/div><div class=\"fusion-text fusion-text-2\"><p>El presente aviso legal recoge las condiciones generales que rigen el acceso y el uso del sitio web, <a href=\"https:\/\/www.50a50.org\/\">www.50a50.org<\/a><\/p>\n<p><strong>DATOS DE LA \u00a0<\/strong><strong>ASSOCIACI\u00d3\u00a0<\/strong><\/p>\n<p>En cumplimiento del art\u00edculo 10 de la Ley 34\/2002, de 11 de julio, de Servicios de la Sociedad de la Informaci\u00f3n y Comercio Electr\u00f3nico, a continuaci\u00f3n se exponen los datos identificativos de la Associaci\u00f3n.<\/p>\n<p>Nombre:\u00a0Associaci\u00f3\u00a050 a 50 (d&#8217;ara endavant tamb\u00e9 indistintament \u201c50a50\u201d)<br \/>\nDomicilio social: Avinguda Diagonal, 460 2-2, 08006 Barcelona<br \/>\nTelefono: 627 88 50 51<br \/>\nDirecci\u00f3n de correo electr\u00f3nico:\u00a0<a href=\"mailto:info@50a50.org\">info@50a50.org<\/a><\/p>\n<p><strong>CONDICIONES GENERALES<\/strong><\/p>\n<p>El acceso y uso del sitio web implica la expresa y plena aceptaci\u00f3n de estas condiciones generales en la versi\u00f3n publicada en el momento en que el usuario acceda, sin perjuicio de las condiciones particulares que pudieran aplicarse en algunos de los servicios concretos del sitio web.<\/p>\n<p>El usuario acepta que el acceso al presente sitio web y los contenidos incluidos en el mismo tiene lugar libre y conscientemente, bajo su exclusiva responsabilidad.<\/p>\n<p>Los usuarios acceden al sitio web de forma libre y gratuita, aunque 50a50 se reserva el derecho de limitar su acceso para determinados contenidos o servicios, exigiendo el registro de sus datos previamente al acceso.<\/p>\n<p>50 a 50 se reserva el derecho a modificar en cualquier momento la presentaci\u00f3n, configuraci\u00f3n y localizaci\u00f3n del sitio web, as\u00ed como los contenidos, servicios y las condiciones requeridas para utilizar los mismos cuando lo considere oportuno o con la finalidad de adecuarse a los cambios legislativos y tecnol\u00f3gicos futuros. Estas modificaciones ser\u00e1n v\u00e1lidas desde su publicaci\u00f3n en el sitio web.<\/p>\n<p>50 a 50 se reserva el derecho a interrumpir el acceso al presente sitio web en cualquier momento y sin previo aviso, ya sea por motivos t\u00e9cnicos, de seguridad, de control, de mantenimiento, por fallos de suministro el\u00e9ctrico, o por cualquier otra causa. Esta interrupci\u00f3n podr\u00e1 tener car\u00e1cter temporal o definitivo, en este caso se comunicar\u00e1 tal circunstancia a los usuarios, quienes podr\u00e1n sufrir la p\u00e9rdida, en su caso, de la informaci\u00f3n almacenada en los diferentes servicios, sin dar lugar a indemnizaci\u00f3n alguna.<\/p>\n<p>50a50 se compromete a NO REMITIR COMUNICACIONES COMERCIALES SIN IDENTIFICARLAS COMO TALES, conforme a lo dispuesto en la Ley 34\/2002 de Servicios de la Sociedad de la Informaci\u00f3n y de comercio electr\u00f3nico. A estos efectos no ser\u00e1 considerado como comunicaci\u00f3n comercial toda la informaci\u00f3n que se env\u00ede \u00a0A LOS USUARIOS de nombre de la empresa siempre que tenga por finalidad el mantenimiento de la relaci\u00f3n contractual existente entre cliente y nombre de la empresa, as\u00ed como el desempe\u00f1o de las tareas de informaci\u00f3n, formaci\u00f3n y otras actividades propias del servicio que el cliente tiene contratado con la Associaci\u00f3n.<\/p>\n<p><strong>AVISO DE COPYRIGHT<\/strong><\/p>\n<p>50a50 tiene la titularidad del presente sitio web. Todos los derechos de propiedad industrial e intelectual sobre este portal de Internet est\u00e1n legalmente reservados, de manera que el acceso o su utilizaci\u00f3n, por parte del usuario, no debe considerarse, de ninguna manera, como el otorgamiento de ninguna licencia de uso o derecho sobre cualquier activo.<\/p>\n<p>Los usuarios del sitio web \u00fanicamente podr\u00e1n realizar un uso privado, personal o profesional de los contenidos de \u00e9ste. Est\u00e1 absolutamente prohibido, el uso del sitio web o de alguno de sus elementos con fines comerciales o il\u00edcitos.<\/p>\n<p>No se podr\u00e1n realizar actos de reproducci\u00f3n, modificaci\u00f3n, distribuci\u00f3n o comunicaci\u00f3n p\u00fablica del sitio web sin el previo consentimiento por escrito de 50a50.<\/p>\n<p>Queda prohibida la reproducci\u00f3n de los contenidos del sitio web, salvo que est\u00e9 permitido legalmente y se cite la procedencia o, en su defecto, se autorice por escrito lo contrario. En aquellos casos en que se produzca la necesaria autorizaci\u00f3n previa por escrito, esta autorizaci\u00f3n sustituir\u00e1 la prohibici\u00f3n general antes citada y mencionar\u00e1 claramente las posibles restricciones de uso.<\/p>\n<p>50a50 no asumir\u00e1 ninguna responsabilidad derivada del uso por terceros del contenido del sitio web y podr\u00e1 ejercitar todas las acciones civiles o penales que le correspondan en caso de infracci\u00f3n de estos derechos por parte del usuario.<\/p>\n<p><strong>CL\u00c1USULA DE EXENCI\u00d3N DE RESPONSABILIDAD<\/strong><\/p>\n<p>Los contenidos incorporados en este sitio web han sido elaborados en todo momento de buena fe con el prop\u00f3sito de dar informaci\u00f3n a los usuarios, por lo que 50a50 no asume ning\u00fan tipo de responsabilidad respecto a la integridad o exactitud de dicha informaci\u00f3n ni garantiza la exactitud ni la actualizaci\u00f3n de la informaci\u00f3n que se pueda obtener de \u00e9ste, la cual podr\u00e1 ser modificada sin previo aviso. Tampoco se responsabiliza de los eventuales errores tipogr\u00e1ficos, formales o num\u00e9ricos que pueda contener el sitio web.<\/p>\n<p>50 a 50 no se responsabiliza del mal uso que los usuarios puedan hacer del sitio web.<\/p>\n<ol>\n<li><strong> Responsabilidad por el funcionamiento del sitio web.<\/strong><\/li>\n<\/ol>\n<p>50a50 intentar\u00e1 reducir al m\u00ednimo los problemas ocasionados por errores de car\u00e1cter t\u00e9cnico, podr\u00e1 proceder a la suspensi\u00f3n temporal de los servicios y contenidos del sitio web para efectuar operaciones de mantenimiento, mejora o reparaci\u00f3n de los mismos, sin que ello origine indemnizaci\u00f3n al usuario por estos conceptos.<\/p>\n<p>Se advierte que alguna informaci\u00f3n contenida en este web puede haber sido creada o recogida en archivos o formatos no exentos de errores, por lo que no se puede garantizar que el servicio no quede interrumpido o afectado por estos problemas.<\/p>\n<p>50a50 no asume ninguna responsabilidad respecto de los da\u00f1os que pudieran ocasionar al usuario a resultas de la consulta de esta p\u00e1gina web, o de aquellas otras externas objeto de reenv\u00edo.<\/p>\n<p>50a50 no ser\u00e1 responsable en caso de que existan interrupciones del servicio, o mal funcionamiento de \u00e9ste que tenga su origen en supuestos de caso fortuito, fuerza mayor u otras causas que escapan de su control.<\/p>\n<ol start=\"2\">\n<li><strong>Responsabilidad por el uso de enlaces<\/strong><\/li>\n<\/ol>\n<p>50a50 no asume ninguna responsabilidad derivada de la existencia de enlaces entre los contenidos de este sitio y contenidos situados fuera del mismo, o de cualquier otra menci\u00f3n de contenidos externos a este sitio.<\/p>\n<p>En caso que 50a50 constate por alg\u00fan medio la ilicitud de la p\u00e1gina web, o de que lesiona bienes o derechos de terceros susceptibles de indemnizaci\u00f3n, la empresa suprimir\u00e1 o inutilizar\u00e1 este enlace.<\/p>\n<p>La presencia de otros enlaces en el sitio web tiene una finalidad meramente informativa, no constituyendo en ning\u00fan caso una invitaci\u00f3n o recomendaci\u00f3n a la contrataci\u00f3n de productos o servicios que se ofrezcan en el sitio de Internet de destino, y en ning\u00fan caso implican el apoyo a las personas o entidades autoras de tales contenidos o titulares de los sitios donde se encuentren.<\/p>\n<p>De esta manera 50a50 no se responsabiliza del contenido y disponibilidad de los sitios web a los que enlaza fuera de su p\u00e1gina, de cualquier da\u00f1o o p\u00e9rdida que pueda surgir por la conexi\u00f3n o por el uso de cualquier contenido, producto o servicio disponible en los sitios web a los que se dirijan los enlaces.<\/p>\n<p><strong>POL\u00cdTICA DE PRIVACIDAD<\/strong><\/p>\n<p>50a50 informa a continuaci\u00f3n de su pol\u00edtica de privacidad aplicada a los datos personales. De esta manera, todos los datos personales que tenga bajo su responsabilidad ser\u00e1n tratados de acuerdo con la Ley 15\/1999, 13 de diciembre, de Protecci\u00f3n de Datos de car\u00e1cter personal y se guardar\u00e1n las debidas medidas de seguridad y confidencialidad.<\/p>\n<p>La visita del sitio web www.50a50.org no implica que el usuario deba suministrar ninguna informaci\u00f3n respecto a su identidad, no pudiendo ser asociada a un usuario concreto por la empresa. En el supuesto que se suministre datos de car\u00e1cter personal, estos datos ser\u00e1n recogidos y utilizados de acuerdo con las limitaciones y los derechos recogidos en la citada norma de protecci\u00f3n de datos.<\/p>\n<p>Los usuarios que faciliten datos de car\u00e1cter personal consienten de forma clara, exacta e inequ\u00edvoca las presentes condiciones.<\/p>\n<p><strong>Recogida de datos.<\/strong><\/p>\n<p>La recogida de datos de car\u00e1cter personal se realizar\u00e1 \u00fanica y exclusivamente a trav\u00e9s de los formularios publicados en la web y los correos electr\u00f3nicos que los usuarios puedan remitir a 50a50 que ser\u00e1n incluidos en un fichero automatizado.<\/p>\n<p>Los ficheros titularidad de 50a50 figuran inscritos en el Registro General de la Agencia Espa\u00f1ola de Protecci\u00f3n de Datos, al que podr\u00e1 acceder el usuario o visitante para comprobar la situaci\u00f3n de aquellos.<\/p>\n<p>50a50 conservar\u00e1 sus datos una vez finalizada la relaci\u00f3n con el usuario para cumplir las obligaciones legales necesarias. A su vez, proceder\u00e1 a la cancelaci\u00f3n de los datos recogidos cuando dejen de ser necesarios para la finalidad para la cual fueron recogidos.<\/p>\n<p><strong>Seguridad de la informaci\u00f3n.<\/strong><\/p>\n<p>50a50 ha desarrollado todos los sistemas y medidas t\u00e9cnicas y organizativas a su alcance, previstas en la normativa de protecci\u00f3n de datos de car\u00e1cter personal para evitar la p\u00e9rdida, mal uso, alteraci\u00f3n, acceso no autorizado y sustracci\u00f3n de los datos de car\u00e1cter personal facilitados por el usuario o visitante.<\/p>\n<p>Sin embargo, el usuario o visitante debe ser consciente de que las medidas de seguridad en Internet no son inexpugnables.<\/p>\n<p><strong> Confidencialidad y Secreto profesional.<\/strong><\/p>\n<p>Las comunicaciones privadas que pudieran darse entre el personal de 50a50 y los usuarios o visitantes ser\u00e1n consideradas como confidenciales. El acceso a esta informaci\u00f3n est\u00e1 restringido mediante herramientas tecnol\u00f3gicas y mediante estrictos controles internos.<\/p>\n<p><strong>Cesi\u00f3n de datos<\/strong><\/p>\n<p>En cuanto a los datos de las socias, 50a50 podr\u00e1 facilitar sus datos personales a administraciones p\u00fablicas (como por ejemplo la Agencia Tributaria, la Seguridad Social, la autoridad en el \u00e1mbito laboral), para el cumplimiento estricto de las obligaciones legales a las que la asociaci\u00f3n est\u00e1 sujeta por raz\u00f3n de su actividad. Asimismo, 50a50 le informa de que sus datos personales pueden ser cedidos a proveedores de servicios que la asociaci\u00f3n tenga contratados (gestor\u00eda, empresa proveedora de mantenimiento de la web, etc.), a efectos de funcionamiento interno. Tambi\u00e9n se podr\u00e1n compartir con otras socias de la entidad, con el fin de facilitar actividades de networking y organizar grupos de trabajo persiguiendo los fines de la asociaci\u00f3n, as\u00ed como para dar cumplimiento a lo establecido en los estatutos de la asociaci\u00f3n, en el marco de la asamblea general.<\/p>\n<p><strong>Enlaces con otros sitios web.<\/strong><\/p>\n<p>El presente sitio web puede contener enlaces o links con otros sitios. Se informa que 50a50 no dispone de ning\u00fan control ni tiene ninguna responsabilidad sobre las pol\u00edticas o medidas de protecci\u00f3n de datos de otros sitios web.<\/p>\n<p><strong>Derechos de los usuarios.<\/strong><\/p>\n<p>El usuario podr\u00e1 ejercer, respecto a los datos obtenidos en la forma prevista, los derechos reconocidos por la Ley Org\u00e1nica 15\/1999, de 13 de diciembre, de Protecci\u00f3n de Datos de Car\u00e1cter Personal y en particular los derechos de acceso, rectificaci\u00f3n o cancelaci\u00f3n de datos y oposici\u00f3n, si resultase pertinente.<\/p>\n<p>Los derechos de cancelaci\u00f3n, oposici\u00f3n y revocaci\u00f3n del consentimiento para la cesi\u00f3n podr\u00e1n ser ejercitados por el usuario, y en su caso quien lo represente, mediante solicitud remitida por correo ordinario, firmada y acompa\u00f1ada de fotocopia del DNI, en la direcci\u00f3n de la sede de 50a50\u00a0 m\u00e1s arriba.<\/p>\n<p>50a50\u00a0 informa que los datos personales recabados, cuando hayan dejado de ser necesarios o pertinentes para la finalidad para la cual fueron recogidos, ser\u00e1n cancelados conforme establece la normativa de protecci\u00f3n de datos de car\u00e1cter personal.<\/p>\n<p><strong>CL\u00c1USULA PARA FORMULARIOS<\/strong><\/p>\n<p>En caso de que 50a50\u00a0 disponga de formularios, la identificaci\u00f3n del usuario es plena, ya que es el propio usuario el que, voluntariamente, introduce sus datos en nuestros formularios.<\/p>\n<p>La informaci\u00f3n facilitada por el usuario ser\u00e1 utilizada por 50a50\u00a0 exclusivamente para las finalidades que se informen en cada caso.<\/p>\n<p>Cada uno de nuestros formularios incluye una cl\u00e1usula espec\u00edfica de privacidad para la que el usuario dar\u00e1 voluntariamente su consentimiento al tratamiento automatizado de los datos facilitados.<\/p>\n<p>50a50\u00a0 ser\u00e1 la entidad responsable del fichero generado con los datos de car\u00e1cter personal suministrados por los usuarios de su sitio web en los formularios. De acuerdo con la Ley Org\u00e1nica 15\/1999 de 13 de diciembre de Protecci\u00f3n de Datos de car\u00e1cter personal, 50a50\u00a0 \u00a0\u00a0se compromete al cumplimiento de su obligaci\u00f3n de secreto respecto a los datos de car\u00e1cter personal y al deber de tratarlos con confidencialidad. A estos efectos, adoptar\u00e1 las medidas necesarias para evitar su alteraci\u00f3n, p\u00e9rdida, tratamiento o acceso no autorizado.<\/p>\n<p>Los datos personales recogidos no ser\u00e1n cedidos a terceros sin su consentimiento expreso.<\/p>\n<p>El usuario que figure en la base de datos podr\u00e1 ejercer en todo momento sus derechos de acceso, rectificaci\u00f3n, cancelaci\u00f3n y oposici\u00f3n, mediante solicitud remitida por correo ordinario, firmada y acompa\u00f1ada de fotocopia del DNI, a la direcci\u00f3n 50a50\u00a0 m\u00e1s arriba.<\/p>\n<p>Para aclarar alg\u00fan aspecto relacionado con la pol\u00edtica de privacidad de ven relaci\u00f3n a los usuarios que visitan nuestra web, no dude en ponerse en contacto con nosotros a trav\u00e9s de la direcci\u00f3n de correo electr\u00f3nico: <a href=\"mailto:info@50a50.org\">info@50a50.org<\/a><\/p>\n<\/div><div class=\"fusion-clearfix\"><\/div><\/div><\/div><\/div><\/div>\n","protected":false},"excerpt":{"rendered":"","protected":false},"author":1,"featured_media":0,"parent":0,"menu_order":50,"comment_status":"closed","ping_status":"closed","template":"100-width.php","meta":{"footnotes":""},"class_list":["post-1835","page","type-page","status-publish","hentry"],"aioseo_notices":[],"_links":{"self":[{"href":"https:\/\/www.50a50.org\/es\/wp-json\/wp\/v2\/pages\/1835","targetHints":{"allow":["GET"]}}],"collection":[{"href":"https:\/\/www.50a50.org\/es\/wp-json\/wp\/v2\/pages"}],"about":[{"href":"https:\/\/www.50a50.org\/es\/wp-json\/wp\/v2\/types\/page"}],"author":[{"embeddable":true,"href":"https:\/\/www.50a50.org\/es\/wp-json\/wp\/v2\/users\/1"}],"replies":[{"embeddable":true,"href":"https:\/\/www.50a50.org\/es\/wp-json\/wp\/v2\/comments?post=1835"}],"version-history":[{"count":0,"href":"https:\/\/www.50a50.org\/es\/wp-json\/wp\/v2\/pages\/1835\/revisions"}],"wp:attachment":[{"href":"https:\/\/www.50a50.org\/es\/wp-json\/wp\/v2\/media?parent=1835"}],"curies":[{"name":"wp","href":"https:\/\/api.w.org\/{rel}","templated":true}]}}