{"id":1834,"date":"2017-10-24T14:05:09","date_gmt":"2017-10-24T14:05:09","guid":{"rendered":"https:\/\/www.50a50.org\/avis-legal\/"},"modified":"2020-01-14T12:08:35","modified_gmt":"2020-01-14T12:08:35","slug":"legal-notice","status":"publish","type":"page","link":"https:\/\/www.50a50.org\/en\/legal-notice\/","title":{"rendered":"Legal Notice"},"content":{"rendered":"<div class=\"fusion-fullwidth fullwidth-box fusion-builder-row-1 hundred-percent-fullwidth non-hundred-percent-height-scrolling fusion-equal-height-columns\" style=\"--awb-background-position:left top;--awb-border-radius-top-left:0px;--awb-border-radius-top-right:0px;--awb-border-radius-bottom-right:0px;--awb-border-radius-bottom-left:0px;--awb-padding-top:0px;--awb-padding-right:0px;--awb-padding-bottom:0px;--awb-padding-left:0px;--awb-border-sizes-top:0px;--awb-border-sizes-bottom:0px;--awb-flex-wrap:wrap;\" ><div class=\"fusion-builder-row fusion-row\"><div class=\"fusion-layout-column fusion_builder_column fusion-builder-column-0 fusion_builder_column_1_1 1_1 fusion-one-full fusion-column-first fusion-column-last\" style=\"--awb-padding-top:25px;--awb-padding-right:10%;--awb-padding-bottom:15px;--awb-padding-left:10%;--awb-bg-size:cover;--awb-margin-bottom:0px;\"><div class=\"fusion-column-wrapper fusion-flex-column-wrapper-legacy\"><div class=\"fusion-sep-clear\"><\/div><div class=\"fusion-separator fusion-full-width-sep\" style=\"margin-left: auto;margin-right: auto;margin-bottom:40px;width:100%;\"><\/div><div class=\"fusion-sep-clear\"><\/div><div class=\"fusion-text fusion-text-1\"><h2>Av\u00eds legal<\/h2>\n<\/div><div class=\"fusion-sep-clear\"><\/div><div class=\"fusion-separator fusion-clearfix\" style=\"float:left;margin-top:5px;margin-bottom:5px;width:100%;max-width:200px;\"><div class=\"fusion-separator-border sep-single sep-solid\" style=\"--awb-height:20px;--awb-amount:20px;--awb-sep-color:#03a9f4;border-color:#03a9f4;border-top-width:3px;\"><\/div><\/div><div class=\"fusion-sep-clear\"><\/div><div class=\"fusion-sep-clear\"><\/div><div class=\"fusion-separator fusion-full-width-sep\" style=\"margin-left: auto;margin-right: auto;margin-bottom:40px;width:100%;\"><\/div><div class=\"fusion-sep-clear\"><\/div><div class=\"fusion-text fusion-text-2\"><p><span lang=\"ca-ES\">El present av\u00eds legal recull les condicions generals que regeixen l&#8217;acc\u00e9s i l&#8217;\u00fas del lloc web, <a href=\"https:\/\/www.50a50.org\" target=\"_blank\" rel=\"noopener noreferrer\">www.50a50.org<\/a><\/span><\/p>\n<p><span lang=\"ca-ES\"><b>DADES DE L&#8217;ASSOCIACI\u00d3\u00a0<\/b><\/span><\/p>\n<p><span lang=\"ca-ES\">En compliment de l&#8217;article 10 de la Llei 34\/2002, d&#8217;11 de juliol, de Serveis de la Societat de la Informaci\u00f3 i Comer\u00e7 Electr\u00f2nic, a continuaci\u00f3 s&#8217;exposen les dades identificatives de l&#8217;Associaci\u00f3.<\/span><\/p>\n<p><span lang=\"ca-ES\">Nom:\u00a0Associaci\u00f3\u00a050a50 (d&#8217;ara endavant tamb\u00e9 indistintament \u201c50a50\u201d)<br \/>\nDomicili social: Avinguda Diagonal, 460 2-2, 08006 Barcelona<br \/>\nTel\u00e8fon: 627 88 50 51<br \/>\nAdre\u00e7a de correu electr\u00f2nic:\u00a0<a href=\"mailto:info@50a50.org\">info@50a50.org<\/a><\/span><\/p>\n<p><span lang=\"ca-ES\"><b>CONDICIONS GENERALS<\/b><\/span><\/p>\n<p><span lang=\"ca-ES\">L&#8217;acc\u00e9s i \u00fas del lloc web implica l&#8217;expressa i plena acceptaci\u00f3 d&#8217;aquestes condicions generals en la versi\u00f3 publicada al moment en qu\u00e8 l&#8217;usuari accedeixi, sense perjudici de les condicions particulars que poguessin aplicar-se en alguns dels serveis concrets del lloc web.<br \/>\nL&#8217;usuari accepta que l&#8217;acc\u00e9s al present lloc web i els continguts inclosos en el mateix t\u00e9 lloc lliure i conscientment, sota la seva exclusiva responsabilitat.<\/span><\/p>\n<p><span lang=\"ca-ES\">Els usuaris accedeixen al lloc web de forma lliure i gratu\u00efta, encara que 50a50 es reserva el dret de limitar el seu acc\u00e9s per determinats continguts o serveis, exigint el registre de les seves dades pr\u00e8viament a l&#8217;acc\u00e9s.<\/span><\/p>\n<p><span lang=\"ca-ES\">50a50 es reserva el dret a modificar a qualsevol moment la presentaci\u00f3, configuraci\u00f3 i localitzaci\u00f3 del lloc web, aix\u00ed com els continguts, serveis i les condicions requerides per utilitzar els mateixos quan ho consideri oport\u00fa o amb la finalitat d&#8217;adequar-se als canvis legislatius i tecnol\u00f2gics futurs. Aquestes modificacions seran v\u00e0lides des de la seva publicaci\u00f3 en el lloc web.<\/span><\/p>\n<p><span lang=\"ca-ES\">50a50 es reserva el dret a interrompre l&#8217;acc\u00e9s al present lloc web a qualsevol moment i sense previ av\u00eds, ja sigui per motius t\u00e8cnics, de seguretat, de control, de manteniment, per fallades de subministrament el\u00e8ctric, o per qualsevol altra causa. Aquesta interrupci\u00f3 podr\u00e0 tenir car\u00e0cter temporal o definitiu, en aquest cas es comunicar\u00e0 tal circumst\u00e0ncia als usuaris, els qui podran sofrir la p\u00e8rdua, si escau, de la informaci\u00f3 emmagatzemada en els diferents serveis, sense donar lloc a indemnitzaci\u00f3 alguna.<\/span><\/p>\n<p><span lang=\"ca-ES\">50a50 es compromet a NO REMETRE COMUNICACIONS COMERCIALS SENSE IDENTIFICAR-LES com a tals, conforme al que es disposa en la Llei 34\/2002 de Serveis de la Societat de la Informaci\u00f3 i de comer\u00e7 electr\u00f2nic. A aquests efectes no ser\u00e0 considerat com a comunicaci\u00f3 comercial tota la informaci\u00f3 que s&#8217;envi\u00ef als USUARIS de nom de l&#8217;Associaci\u00f3 sempre que tingui per finalitat el manteniment de la relaci\u00f3 contractual existent entre usuari i nom de l&#8217;Associaci\u00f3, aix\u00ed com l&#8217;acompliment de les tasques d&#8217;informaci\u00f3, formaci\u00f3 i altres activitats pr\u00f2pies del servei que l&#8217;usuari t\u00e9 contractat amb l&#8217;Associaci\u00f3.<\/span><\/p>\n<p><span lang=\"ca-ES\"><b>AV\u00cdS DE COPYRIGHT<\/b><\/span><\/p>\n<p><span lang=\"ca-ES\">50a50 t\u00e9 la titularitat del present lloc web. Tots els drets de propietat industrial i intel\u00b7lectual sobre aquest portal d&#8217;Internet estan legalment reservats, de manera que l&#8217;acc\u00e9s o la seva utilitzaci\u00f3, per part de l&#8217;usuari, no ha de considerar-se, de cap manera, com l&#8217;atorgament de cap llic\u00e8ncia d&#8217;\u00fas o dret sobre qualsevol actiu.<\/span><\/p>\n<p><span lang=\"ca-ES\">Els usuaris del lloc web \u00fanicament podran realitzar un \u00fas privat, personal o professional dels continguts d&#8217;aquest. Est\u00e0 absolutament prohibit, l&#8217;\u00fas del lloc web o d&#8217;algun dels seus elements amb finalitats comercials o il\u00b7l\u00edcits.<br \/>\n<\/span><\/p>\n<p><span lang=\"ca-ES\">No es podran realitzar actes de reproducci\u00f3, modificaci\u00f3, distribuci\u00f3 o comunicaci\u00f3 p\u00fablica del lloc web sense el previ consentiment per escrit de 50a50.<\/span><\/p>\n<p><span lang=\"ca-ES\">Queda prohibida la reproducci\u00f3 dels continguts del lloc web, tret que estigui perm\u00e8s legalment i se citi la proced\u00e8ncia o, en defecte d&#8217;aix\u00f2, s&#8217;autoritzi per escrit el contrari. En aquells casos en qu\u00e8 es produeixi la necess\u00e0ria autoritzaci\u00f3 pr\u00e8via per escrit, aquesta autoritzaci\u00f3 substituir\u00e0 la prohibici\u00f3 general abans citada i esmentar\u00e0 clarament les possibles restriccions d&#8217;\u00fas.<\/span><\/p>\n<p><span lang=\"ca-ES\">50a50 no assumir\u00e0 cap responsabilitat derivada de l&#8217;\u00fas per tercers del contingut del lloc web i podr\u00e0 exercitar totes les accions civils o penals que li corresponguin en cas d&#8217;infracci\u00f3 d&#8217;aquests drets per part de l&#8217;usuari.<\/span><\/p>\n<p><span lang=\"ca-ES\"><b>CL\u00c0USULA D&#8217;EXEMPCI\u00d3 DE RESPONSABILITAT<\/b><\/span><\/p>\n<p><span lang=\"ca-ES\">Els continguts incorporats en aquest lloc web han estat elaborats a tot moment de bona fe amb el prop\u00f2sit de donar informaci\u00f3 als usuaris, per la qual cosa 50a50 no assumeix cap tipus de responsabilitat respecte a la integritat o exactitud d&#8217;aquesta informaci\u00f3 ni garanteix l&#8217;exactitud ni l&#8217;actualitzaci\u00f3 de la informaci\u00f3 que es pugui obtenir d&#8217;aquest, la qual podr\u00e0 ser modificada sense previ av\u00eds. Tampoc es responsabilitza dels eventuals errors tipogr\u00e0fics, formals o num\u00e8rics que pugui contenir el lloc web.<\/span><\/p>\n<p><span lang=\"ca-ES\">50a50 no es responsabilitza del mal \u00fas que els usuaris puguin fer del lloc web.<br \/>\n<\/span><\/p>\n<p><span lang=\"ca-ES\"><b>1. Responsabilitat pel funcionament del lloc web.<\/b><\/span><\/p>\n<p><span lang=\"ca-ES\">50a50 intentar\u00e0 reduir al m\u00ednim els problemes ocasionats per errors de car\u00e0cter t\u00e8cnic, podr\u00e0 procedir a la suspensi\u00f3 temporal dels serveis i continguts del lloc web per efectuar operacions de manteniment, millora o reparaci\u00f3 dels mateixos, sense que aix\u00f2 origini indemnitzaci\u00f3 a l&#8217;usuari per aquests conceptes.<\/span><\/p>\n<p><span lang=\"ca-ES\">S&#8217;adverteix que alguna informaci\u00f3 continguda en aquest web pugues haver estat creada o recollida en arxius o formats no exempts d&#8217;errors, per la qual cosa no es pot garantir que el servei no quedi interromput o afectat per aquests problemes.<\/span><\/p>\n<p><span lang=\"ca-ES\">50a50 no assumeix cap responsabilitat respecte dels danys que poguessin ocasionar a l&#8217;usuari a resultes de la consulta d&#8217;aquesta p\u00e0gina web, o d&#8217;aquelles altres externes objecte de reexpedici\u00f3.<\/span><\/p>\n<p><span lang=\"ca-ES\">50a50 no ser\u00e0 responsable en cas que existeixin interrupcions del servei, o mal funcionament d&#8217;aquest que tingui el seu origen en sup\u00f2sits de cas fortu\u00eft, for\u00e7a major o altres causes que escapen del seu control.<\/span><\/p>\n<p><span lang=\"ca-ES\"><b>2. Responsabilitat per l&#8217;\u00fas d&#8217;enlla\u00e7os<\/b><\/span><\/p>\n<p><span lang=\"ca-ES\">50a50 no assumeix cap responsabilitat derivada de l&#8217;exist\u00e8ncia d&#8217;enlla\u00e7os entre els continguts d&#8217;aquest lloc i continguts situats fora del mateix, o de qualsevol altre esment de continguts externs a aquest lloc.<\/span><\/p>\n<p><span lang=\"ca-ES\">En cas que 50a50 constati per algun mitj\u00e0 la\u00a0ilicitud\u00a0de la p\u00e0gina web, o que lesiona b\u00e9ns o drets de tercers susceptibles d&#8217;indemnitzaci\u00f3, l&#8217;Associaci\u00f3 suprimir\u00e0 o inutilitzar\u00e0 aquest enlla\u00e7.<\/span><\/p>\n<p><span lang=\"ca-ES\">La pres\u00e8ncia d&#8217;altres enlla\u00e7os en el lloc web t\u00e9 una finalitat merament informativa, no constituint en cap cas una invitaci\u00f3 o recomanaci\u00f3 a la contractaci\u00f3 de productes o serveis que s&#8217;ofereixin en el lloc d&#8217;Internet de destinaci\u00f3, i en cap cas impliquen el suport a les persones o entitats autores de tals continguts o titulars dels llocs on es trobin.<\/span><\/p>\n<p><span lang=\"ca-ES\">D&#8217;aquesta manera 50a50 no es responsabilitza del contingut i disponibilitat dels llocs web als quals enlla\u00e7a fora de la seva p\u00e0gina, de qualsevol dany o p\u00e8rdua que pugui sorgir per la connexi\u00f3 o per l&#8217;\u00fas de qualsevol contingut, producte o servei disponible en els llocs web als quals es dirigeixin els enlla\u00e7os.<\/span><\/p>\n<p><b>POL\u00cdTICA DE PRIVACITAT<\/b><\/p>\n<p><span lang=\"ca-ES\">50a50 informa a continuaci\u00f3 de la seva pol\u00edtica de privacitat aplicada a les dades personals. D&#8217;aquesta manera, totes les dades personals que tingui sota la seva responsabilitat seran tractats d&#8217;acord amb la Llei 15\/1999, 13 de desembre, de Protecci\u00f3 de Dades de car\u00e0cter personal i es guardaran les degudes mesures de seguretat i confidencialitat.<\/span><\/p>\n<p><span lang=\"ca-ES\">La visita del lloc web www.50a50.org no implica que l&#8217;usuari hagi de subministrar cap informaci\u00f3 respecte a la seva identitat, no podent ser associada a un usuari concret per l&#8217;Associaci\u00f3. En el sup\u00f2sit que se subministri dades de car\u00e0cter personal, aquestes dades seran recollides i utilitzats d&#8217;acord amb les limitacions i els drets recollits en la citada norma de protecci\u00f3 de dades.<\/span><\/p>\n<p><span lang=\"ca-ES\">Els usuaris que facilitin dades de car\u00e0cter personal consenten de forma clara, exacta i inequ\u00edvoca les presents condicions.<\/span><\/p>\n<p><span lang=\"ca-ES\"><b>1. Recollida de dades.<\/b><\/span><span lang=\"ca-ES\"><br \/>\nLa recollida de dades de car\u00e0cter personal es realitzar\u00e0 \u00fanica i exclusivament a trav\u00e9s dels formularis publicats a la web i els correus electr\u00f2nics que els usuaris puguin remetre a 50a50 que seran inclosos en un fitxer automatitzat.<\/span><\/p>\n<p><span lang=\"ca-ES\">Els fitxers titularitat de 50a50 figuren inscrits en el Registre General de l&#8217;Ag\u00e8ncia Espanyola de Protecci\u00f3 de Dades, al que podr\u00e0 accedir l&#8217;usuari o visitant per comprovar la situaci\u00f3 d&#8217;aquells.<br \/>\n50a50 conservar\u00e0 les seves dades una vegada finalitzada la relaci\u00f3 amb l&#8217;usuari per complir les obligacions legals necess\u00e0ries. Al seu torn, procedir\u00e0 a la cancel\u00b7laci\u00f3 de les dades recollides quan deixin de ser necessaris per a la finalitat per la qual van ser recollits.<\/span><\/p>\n<p><span lang=\"ca-ES\"><b>2. Seguretat de la informaci\u00f3.<br \/>\n<\/b><\/span><span lang=\"ca-ES\">50a50 ha desenvolupat tots els sistemes i mesures t\u00e8cniques i organitzatives al seu abast, previstes en la normativa de protecci\u00f3 de dades de car\u00e0cter personal per evitar la p\u00e8rdua, malament \u00fas, alteraci\u00f3, acc\u00e9s no autoritzat i subtracci\u00f3 de les dades de car\u00e0cter personal facilitats per l&#8217;usuari o visitant.<\/span><\/p>\n<p><span lang=\"ca-ES\">No obstant aix\u00f2, l&#8217;usuari o visitant ha de ser conscient que les mesures de seguretat en Internet no s\u00f3n\u00a0inexpugnables.<\/span><\/p>\n<p><span lang=\"ca-ES\"><b>3. Confidencialitat i Secret professional.<\/b><\/span><\/p>\n<p><span lang=\"ca-ES\">Les comunicacions privades que poguessin donar-se entre el personal de 50a50 i els usuaris o visitants seran considerades com a confidencials. L&#8217;acc\u00e9s a aquesta informaci\u00f3 est\u00e0 restringit mitjan\u00e7ant eines tecnol\u00f2giques i mitjan\u00e7ant estrictes controls interns.<\/span><\/p>\n<p><span lang=\"ca-ES\"><b>4. Enlla\u00e7os amb altres llocs web.<\/b><\/span><\/p>\n<p><span lang=\"ca-ES\">El present lloc web pot contenir enlla\u00e7os o enlla\u00e7os amb altres llocs. S&#8217;informa que 50a50 no disposa de cap control ni t\u00e9 cap respnsabilitat sobre les pol\u00edtiques o mesures de protecci\u00f3 de dades d&#8217;altres llocs web.<\/span><\/p>\n<p><span lang=\"ca-ES\"><b>5. Drets dels usuaris.<\/b><\/span><\/p>\n<p><span lang=\"ca-ES\">L&#8217;usuari podr\u00e0 exercir, respecte a les dades obtingudes en la forma prevista, els drets reconeguts per la Llei Org\u00e0nica 15\/1999, de 13 de desembre, de Protecci\u00f3 de Dades de Car\u00e0cter Personal i en particular els drets d&#8217;acc\u00e9s, rectificaci\u00f3 o cancel\u00b7laci\u00f3 de dades i oposici\u00f3, si result\u00e9s pertinent.<\/span><\/p>\n<p><span lang=\"ca-ES\">Els drets de cancel\u00b7laci\u00f3, oposici\u00f3 i revocaci\u00f3 del consentiment per a la cessi\u00f3 podran ser exercitats per l&#8217;usuari, i si escau qui ho representi, mitjan\u00e7ant sol\u00b7licitud remesa per correu ordinari, signada i acompanyada de fotoc\u00f2pia del DNI, en l&#8217;adre\u00e7a de la seu de 50a50 m\u00e9s amunt.<\/span><\/p>\n<p><span lang=\"ca-ES\">50a50 informa que les dades personals recaptades, quan hagin deixat de ser necessaris o pertinents per a la finalitat per la qual van ser recollits, seran cancel\u00b7lats conforme estableix la normativa de protecci\u00f3 de dades de car\u00e0cter personal.<\/span><\/p>\n<p><span lang=\"ca-ES\"><b>CL\u00c0USULA PER A FORMULARIS<\/b><\/span><span lang=\"ca-ES\"><br \/>\nEn cas que 50a50 disposi de formularis, la identificaci\u00f3 de l&#8217;usuari \u00e9s plena, ja que \u00e9s el propi usuari el que, volunt\u00e0riament, introdueix les seves dades en els nostres formularis.<\/span><\/p>\n<p><span lang=\"ca-ES\">La informaci\u00f3 facilitada per l&#8217;usuari ser\u00e0 utilitzada per 50a50 exclusivament per a les finalitats que s&#8217;informin en cada cas.<\/span><\/p>\n<p><span lang=\"ca-ES\">Cadascun dels nostres formularis inclou una cl\u00e0usula espec\u00edfica de privacitat per la qual l&#8217;usuari donar\u00e0 volunt\u00e0riament el seu consentiment al tractament automatitzat de les dades facilitades.<\/span><\/p>\n<p><span lang=\"ca-ES\">50a50 ser\u00e0 l&#8217;entitat responsable del fitxer generat amb les dades de car\u00e0cter personal subministrats pels usuaris del seu lloc web en els formularis. D&#8217;acord amb la Llei Org\u00e0nica 15\/1999 de 13 de desembre de Protecci\u00f3 de Dades de car\u00e0cter personal, 50a50 es compromet al compliment de la seva obligaci\u00f3 de secret respecte a les dades de car\u00e0cter personal i en deure tractar-los amb confidencialitat. A aquests efectes, adoptar\u00e0 les mesures necess\u00e0ries per evitar la seva alteraci\u00f3, p\u00e8rdua, tractament o acc\u00e9s no autoritzat.<br \/>\nLes dades personals recollides no seran cedits a tercers sense el seu consentiment expr\u00e9s.<br \/>\nL&#8217;usuari que figuri en la base de dades podr\u00e0 exercir a tot moment els seus drets d&#8217;acc\u00e9s, rectificaci\u00f3, cancel\u00b7laci\u00f3 i oposici\u00f3, mitjan\u00e7ant sol\u00b7licitud remesa per correu ordinari, signada i acompanyada de fotoc\u00f2pia del DNI, a l&#8217;adre\u00e7a de 50a50 m\u00e9s amunt.<\/span><\/p>\n<p><span lang=\"ca-ES\">Per aclarir algun aspecte relacionat amb la pol\u00edtica de privacitat de veuen relaci\u00f3 als usuaris que visiten nostra web, no dubti a posar-se en contacte amb nosaltres a trav\u00e9s de l&#8217;adre\u00e7a de correu electr\u00f2nic:\u00a0<a href=\"mailto:info@50a50.org\">info@50a50.org<\/a><\/span><\/p>\n<\/div><div class=\"fusion-clearfix\"><\/div><\/div><\/div><\/div><\/div>\n","protected":false},"excerpt":{"rendered":"","protected":false},"author":1,"featured_media":0,"parent":0,"menu_order":50,"comment_status":"closed","ping_status":"closed","template":"100-width.php","meta":{"footnotes":""},"class_list":["post-1834","page","type-page","status-publish","hentry"],"aioseo_notices":[],"_links":{"self":[{"href":"https:\/\/www.50a50.org\/en\/wp-json\/wp\/v2\/pages\/1834","targetHints":{"allow":["GET"]}}],"collection":[{"href":"https:\/\/www.50a50.org\/en\/wp-json\/wp\/v2\/pages"}],"about":[{"href":"https:\/\/www.50a50.org\/en\/wp-json\/wp\/v2\/types\/page"}],"author":[{"embeddable":true,"href":"https:\/\/www.50a50.org\/en\/wp-json\/wp\/v2\/users\/1"}],"replies":[{"embeddable":true,"href":"https:\/\/www.50a50.org\/en\/wp-json\/wp\/v2\/comments?post=1834"}],"version-history":[{"count":0,"href":"https:\/\/www.50a50.org\/en\/wp-json\/wp\/v2\/pages\/1834\/revisions"}],"wp:attachment":[{"href":"https:\/\/www.50a50.org\/en\/wp-json\/wp\/v2\/media?parent=1834"}],"curies":[{"name":"wp","href":"https:\/\/api.w.org\/{rel}","templated":true}]}}