{"id":1832,"date":"2017-10-24T14:14:27","date_gmt":"2017-10-24T14:14:27","guid":{"rendered":"https:\/\/www.50a50.org\/politica-de-cookies\/"},"modified":"2017-12-06T07:34:58","modified_gmt":"2017-12-06T07:34:58","slug":"cookies-policy","status":"publish","type":"page","link":"https:\/\/www.50a50.org\/en\/cookies-policy\/","title":{"rendered":"Cookies Policy"},"content":{"rendered":"<div class=\"fusion-fullwidth fullwidth-box fusion-builder-row-1 hundred-percent-fullwidth non-hundred-percent-height-scrolling fusion-equal-height-columns\" style=\"--awb-background-position:left top;--awb-border-radius-top-left:0px;--awb-border-radius-top-right:0px;--awb-border-radius-bottom-right:0px;--awb-border-radius-bottom-left:0px;--awb-padding-top:0px;--awb-padding-right:0px;--awb-padding-bottom:0px;--awb-padding-left:0px;--awb-border-sizes-top:0px;--awb-border-sizes-bottom:0px;--awb-flex-wrap:wrap;\" ><div class=\"fusion-builder-row fusion-row\"><div class=\"fusion-layout-column fusion_builder_column fusion-builder-column-0 fusion_builder_column_1_1 1_1 fusion-one-full fusion-column-first fusion-column-last\" style=\"--awb-padding-top:25px;--awb-padding-right:10%;--awb-padding-bottom:15px;--awb-padding-left:10%;--awb-bg-size:cover;--awb-margin-bottom:0px;\"><div class=\"fusion-column-wrapper fusion-flex-column-wrapper-legacy\"><div class=\"fusion-sep-clear\"><\/div><div class=\"fusion-separator fusion-full-width-sep\" style=\"margin-left: auto;margin-right: auto;margin-bottom:40px;width:100%;\"><\/div><div class=\"fusion-sep-clear\"><\/div><div class=\"fusion-text fusion-text-1\"><h2>Pol\u00edtica de cookies<\/h2>\n<\/div><div class=\"fusion-sep-clear\"><\/div><div class=\"fusion-separator fusion-clearfix\" style=\"float:left;margin-top:5px;margin-bottom:5px;width:100%;max-width:200px;\"><div class=\"fusion-separator-border sep-single sep-solid\" style=\"--awb-height:20px;--awb-amount:20px;--awb-sep-color:#e91e63;border-color:#e91e63;border-top-width:3px;\"><\/div><\/div><div class=\"fusion-sep-clear\"><\/div><div class=\"fusion-sep-clear\"><\/div><div class=\"fusion-separator fusion-full-width-sep\" style=\"margin-left: auto;margin-right: auto;margin-bottom:40px;width:100%;\"><\/div><div class=\"fusion-sep-clear\"><\/div><div class=\"fusion-text fusion-text-2\"><h3>QU\u00c8 S\u00d3N LES COOKIES?<\/h3>\n<p>Una cookie \u00e9s un fitxer que es descarrega en el teu ordinador a l&#8217;accedir a determinadas p\u00e1ginas web. Les cookies permeten a una p\u00e0gina web, entre altres coses, emmagatzemar i recuperar informaci\u00f3 sobre els h\u00e0bits de navegaci\u00f3 d&#8217;un usuari o del seu equip i, depenent de la informaci\u00f3 que continguin i de la forma en qu\u00e8 utilitzi el seu equip, poden utilitzar-se per recon\u00e8ixer a l&#8217;usuari.<\/p>\n<h3>TIPUS DE COOKIES<\/h3>\n<p>Segons qui sigui l&#8217;entitat que gestioni el domini des d&#8217;on s&#8217;envien les cookies i tracti les dades que s&#8217;obtinguin es poden distingir dos tipus: cookies pr\u00f2pies i cookies de tercers.<\/p>\n<p><span style=\"font-size: 10.0pt;\">Existeix tamb\u00e9 una segona classificaci\u00f3 segons el termini de temps que romanen emmagatzemades en el navegador del client, podent tractar-se de cookies de sessi\u00f3 o cookies persistents.<\/span><\/p>\n<p><span style=\"font-size: 10.0pt;\">Existeix una altra classificaci\u00f3 amb cinc tipus de cookies segons la finalitat per la qual es tractin les dades obtingudes: cookies t\u00e8cniques, cookies de personalitzaci\u00f3, cookies d&#8217;an\u00e0lisi, cookies publicit\u00e0ries i cookies de publicitat comportamental.<\/span><\/p>\n<h3><span style=\"font-size: 10.0pt;\">QUIN TIPUS DE COOKIES UTILITZA AQUESTA P\u00c0GINA WEB?<\/span><\/h3>\n<p>A continuaci\u00f3 s&#8217;identifiquen les cookies que estan sent utilitzades en aquest portal aix\u00ed com la seva tipologia i funci\u00f3:<\/p>\n<p>\u2022 Cookies d&#8217;an\u00e0lisi: S\u00f3n aquelles que ben tractades per nosaltres o per tercers, ens permeten quantificar el nombre d&#8217;usuaris i aix\u00ed realitzar el mesurament i an\u00e0lisi estad\u00edstica de la utilitzaci\u00f3 que fan els usuaris del servei ofert. Per a aix\u00f2 s&#8217;analitza la seva navegaci\u00f3 a la nostra p\u00e0gina web amb la finalitat de millorar l&#8217;oferta de productes o serveis que li oferim.<\/p>\n<p><span lang=\"ca-ES\">50a50<\/span> utilitza Google Analytics, un servei d&#8217;anal\u00edtica web desenvolupada per Google, que permet el mesurament i an\u00e0lisi de la navegaci\u00f3 a les p\u00e0gines web. En el seu navegador podr\u00e0 observar 4 cookies d&#8217;aquest servei. Segons la tipologia anterior es tracta de cookies pr\u00f2pies, de sessi\u00f3 i d&#8217;an\u00e0lisi. Pot trobar m\u00e9s informaci\u00f3 sobre aquest tema i inhabilitar l&#8217;\u00fas d&#8217;aquestes cookies <a title=\"\" href=\"http:\/\/www.google.es\/policies\/privacy\/\" target=\"_blank\" rel=\"noopener\">http:\/\/www.google.es\/policies\/privacy\/<\/a>.<\/p>\n<p>A trav\u00e9s de l&#8217;anal\u00edtica web no s&#8217;obt\u00e9 informaci\u00f3 sobre les seves dades personals . La informaci\u00f3 que s&#8217;obt\u00e9 \u00e9s la relativa al nombre d&#8217;usuaris que accedeixen a la web, el nombre de p\u00e0gines vistes, la freq\u00fc\u00e8ncia i repetici\u00f3 de les visites, la seva durada, el navegador utilitzat, l&#8217;operador que presta el servei, l&#8217;idioma, el terminal que utilitza, o la ciutat a la qual est\u00e0 assignada la seva adre\u00e7a IP. Informaci\u00f3 que possibilita un millor i m\u00e9s apropiat servei per part d&#8217;aquest portal.<\/p>\n<p>Una altra de les *cookies que es descarreguen \u00e9s una *cookie de tipus t\u00e8cnic necess\u00e0ria per a la correcta navegaci\u00f3 per les p\u00e0gines web.<\/p>\n<p>Finalment, es descarrega una cookie de tipus t\u00e8cnic i de sessi\u00f3 anomenada cookies_policy. Gestiona el consentiment de l&#8217;usuari davant l&#8217;\u00fas de les *cookies a la p\u00e0gina web, amb l&#8217;objecte d&#8217;evitar l&#8217;excessiva mol\u00e8stia que pugui suposar mostrar repetidament informaci\u00f3 sobre la pol\u00edtica de *cookies en la part superior de la web a aquelles persones que hagin acceptat la mateixa.<\/p>\n<p>Acceptaci\u00f3 de la Pol\u00edtica de cookies<\/p>\n<p><span lang=\"ca-ES\">50a50<\/span> mostra informaci\u00f3 sobre la seva Pol\u00edtica de *cookies en la part superior de qualsevol p\u00e0gina amb cada inici de sessi\u00f3.<\/p>\n<p>Davant aquesta informaci\u00f3 \u00e9s possible dur a terme les seg\u00fcents accions:<\/p>\n<p>Acceptar cookies. No es tornar\u00e0 a visualitzar aquest av\u00eds en accedir a qualsevol p\u00e0gina del portal durant la present sessi\u00f3.<\/p>\n<p>Tancar. S&#8217;oculta l&#8217;av\u00eds a la present p\u00e0gina, per\u00f2 en accedir a qualsevol altra p\u00e0gina del portal es tornar\u00e0 a mostrar l&#8217;av\u00eds en la part superior de la mateixa.<\/p>\n<p>Modificar su configuraci\u00f3n. Podr\u00e1 obtener m\u00e1s informaci\u00f3n sobre qu\u00e9 son las cookies, conocer la Pol\u00edtica de cookies del Ministerio y modificar la configuraci\u00f3n de su navegaci\u00f3n. Pero esto no evitar\u00e1 que se muestre el aviso sobre cookies al acceder a nuevas p\u00e1ginas del portal.<\/p>\n<h3>COM MODIFICAR LA CONFIGURACI\u00d3 DE LES COOKIES<\/h3>\n<p>Vost\u00e8 pot restringir, bloquejar o esborrar les cookies utilitzant el seu navegador. En cada navegador l&#8217;operativa diferent, la funci\u00f3 d&#8217;Ajuda li mostrar\u00e0 com fer-ho.<\/p>\n<p><a title=\"\" href=\"http:\/\/windows.microsoft.com\/es-xl\/internet-explorer\/delete-manage-cookies#ie=\" target=\"_blank\" rel=\"noopener\">Internet explorer<\/a><br \/>\n<span style=\"font-size: 10.0pt;\"><a title=\"\" href=\"http:\/\/support.mozilla.org\/es\/kb\/Borrar%20cookies\" target=\"_blank\" rel=\"noopener\">Firefox<\/a><br \/>\n<a title=\"\" href=\"http:\/\/support.google.com\/chrome\/answer\/95647?hl=\" target=\"_blank\" rel=\"noopener\">Chrome<\/a><br \/>\n<a title=\"\" href=\"http:\/\/www.apple.com\/es\/privacy\/use-of-cookies\/\" target=\"_blank\" rel=\"noopener\">Safari<\/a><\/span><\/p>\n<\/div><div class=\"fusion-clearfix\"><\/div><\/div><\/div><\/div><\/div>\n","protected":false},"excerpt":{"rendered":"","protected":false},"author":1,"featured_media":0,"parent":0,"menu_order":55,"comment_status":"closed","ping_status":"closed","template":"100-width.php","meta":{"footnotes":""},"class_list":["post-1832","page","type-page","status-publish","hentry"],"aioseo_notices":[],"_links":{"self":[{"href":"https:\/\/www.50a50.org\/en\/wp-json\/wp\/v2\/pages\/1832","targetHints":{"allow":["GET"]}}],"collection":[{"href":"https:\/\/www.50a50.org\/en\/wp-json\/wp\/v2\/pages"}],"about":[{"href":"https:\/\/www.50a50.org\/en\/wp-json\/wp\/v2\/types\/page"}],"author":[{"embeddable":true,"href":"https:\/\/www.50a50.org\/en\/wp-json\/wp\/v2\/users\/1"}],"replies":[{"embeddable":true,"href":"https:\/\/www.50a50.org\/en\/wp-json\/wp\/v2\/comments?post=1832"}],"version-history":[{"count":0,"href":"https:\/\/www.50a50.org\/en\/wp-json\/wp\/v2\/pages\/1832\/revisions"}],"wp:attachment":[{"href":"https:\/\/www.50a50.org\/en\/wp-json\/wp\/v2\/media?parent=1832"}],"curies":[{"name":"wp","href":"https:\/\/api.w.org\/{rel}","templated":true}]}}